{"id":1557,"date":"2020-10-03T14:48:58","date_gmt":"2020-10-03T14:48:58","guid":{"rendered":"https:\/\/fondationlongevite.com\/home\/"},"modified":"2024-01-22T01:04:17","modified_gmt":"2024-01-22T01:04:17","slug":"home","status":"publish","type":"page","link":"https:\/\/fondationlongevite.com\/en\/","title":{"rendered":"Home"},"content":{"rendered":"\t\t<div data-elementor-type=\"wp-page\" data-elementor-id=\"1557\" class=\"elementor elementor-1557 elementor-974\">\n\t\t\t\t\t\t<section class=\"elementor-section elementor-top-section elementor-element elementor-element-af45cc3 elementor-section-boxed elementor-section-height-default elementor-section-height-default\" data-id=\"af45cc3\" data-element_type=\"section\" data-e-type=\"section\" data-settings=\"{&quot;background_background&quot;:&quot;classic&quot;}\">\n\t\t\t\t\t\t<div class=\"elementor-container elementor-column-gap-default\">\n\t\t\t\t\t<div class=\"elementor-column elementor-col-100 elementor-top-column elementor-element elementor-element-dc7dcd1\" data-id=\"dc7dcd1\" data-element_type=\"column\" data-e-type=\"column\">\n\t\t\t<div class=\"elementor-widget-wrap elementor-element-populated\">\n\t\t\t\t\t\t<div class=\"elementor-element elementor-element-0b78d33 elementor-widget elementor-widget-heading\" data-id=\"0b78d33\" data-element_type=\"widget\" data-e-type=\"widget\" data-settings=\"{&quot;_animation&quot;:&quot;none&quot;}\" data-widget_type=\"heading.default\">\n\t\t\t\t<div class=\"elementor-widget-container\">\n\t\t\t\t\t<h2 class=\"elementor-heading-title elementor-size-default\">Longevity, Health and Wellness<\/h2>\t\t\t\t<\/div>\n\t\t\t\t<\/div>\n\t\t\t\t<div class=\"elementor-element elementor-element-44bc082 elementor-align-center elementor-tablet-align-center elementor-widget elementor-widget-button\" data-id=\"44bc082\" data-element_type=\"widget\" data-e-type=\"widget\" data-widget_type=\"button.default\">\n\t\t\t\t<div class=\"elementor-widget-container\">\n\t\t\t\t\t\t\t\t\t<div class=\"elementor-button-wrapper\">\n\t\t\t\t\t<a class=\"elementor-button elementor-button-link elementor-size-sm\" href=\"https:\/\/fondationlongevite.com\/don\/\">\n\t\t\t\t\t\t<span class=\"elementor-button-content-wrapper\">\n\t\t\t\t\t\t\t\t\t<span class=\"elementor-button-text\">Make a donation or contribution<\/span>\n\t\t\t\t\t<\/span>\n\t\t\t\t\t<\/a>\n\t\t\t\t<\/div>\n\t\t\t\t\t\t\t\t<\/div>\n\t\t\t\t<\/div>\n\t\t\t\t\t<\/div>\n\t\t<\/div>\n\t\t\t\t\t<\/div>\n\t\t<\/section>\n\t\t\t\t<section class=\"elementor-section elementor-top-section elementor-element elementor-element-3ddf0a8 elementor-section-stretched elementor-section-boxed elementor-section-height-default elementor-section-height-default\" data-id=\"3ddf0a8\" data-element_type=\"section\" data-e-type=\"section\" data-settings=\"{&quot;stretch_section&quot;:&quot;section-stretched&quot;}\">\n\t\t\t\t\t\t<div class=\"elementor-container elementor-column-gap-default\">\n\t\t\t\t\t<div class=\"elementor-column elementor-col-100 elementor-top-column elementor-element elementor-element-5ed14bd\" data-id=\"5ed14bd\" data-element_type=\"column\" data-e-type=\"column\">\n\t\t\t<div class=\"elementor-widget-wrap elementor-element-populated\">\n\t\t\t\t\t\t<div class=\"elementor-element elementor-element-200d3c8 elementor-widget elementor-widget-heading\" data-id=\"200d3c8\" data-element_type=\"widget\" data-e-type=\"widget\" data-widget_type=\"heading.default\">\n\t\t\t\t<div class=\"elementor-widget-container\">\n\t\t\t\t\t<h2 class=\"elementor-heading-title elementor-size-default\">Our mission<\/h2>\t\t\t\t<\/div>\n\t\t\t\t<\/div>\n\t\t\t\t\t<\/div>\n\t\t<\/div>\n\t\t\t\t\t<\/div>\n\t\t<\/section>\n\t\t<div class=\"elementor-element elementor-element-1cb6a19 e-flex e-con-boxed e-con e-parent\" data-id=\"1cb6a19\" data-element_type=\"container\" data-e-type=\"container\">\n\t\t\t\t\t<div class=\"e-con-inner\">\n\t\t\t\t<div class=\"elementor-element elementor-element-02b26f5 elementor-widget elementor-widget-text-editor\" data-id=\"02b26f5\" data-element_type=\"widget\" data-e-type=\"widget\" data-widget_type=\"text-editor.default\">\n\t\t\t\t<div class=\"elementor-widget-container\">\n\t\t\t\t\t\t\t\t\t<aside id=\"block-59\" class=\"widget widget_block widget_text\" title=\"Shift-click to edit this widget.\">\n<p class=\"\">Welcome to the Longevity Foundation website.<\/p>\n<p class=\"\">Our core mission is to promote longevity as a whole. For the general public, longevity is synonymous with &#8220;long life&#8221;, and &#8220;quality of life&#8221; is taken for granted. Unfortunately, this is not often the case.<\/p>\n<\/aside>\n<aside id=\"block-63\" class=\"widget widget_block widget_text\" title=\"Shift-click to edit this widget.\">\n<p class=\"has-text-align-left\">The Longevity Foundation&#8217;s overall mission is to improve the quality of life of disadvantaged people, by supporting multiple initiatives in key sectors to achieve our goal.<\/p>\n<\/aside>\n<aside id=\"block-71\" class=\"widget widget_block widget_text\" title=\"Shift-click to edit this widget.\">\n<p class=\"\">We support the following areas of promising initiative, including education, medical research, physical health, mental health and the social determinants of health.<\/p>\n<\/aside>\n\t\t\t\t\t\t\t\t<\/div>\n\t\t\t\t<\/div>\n\t\t\t\t\t<\/div>\n\t\t\t\t<\/div>\n\t\t<div class=\"elementor-element elementor-element-d9af391 e-flex e-con-boxed e-con e-parent\" data-id=\"d9af391\" data-element_type=\"container\" data-e-type=\"container\">\n\t\t\t\t\t<div class=\"e-con-inner\">\n\t\t<div class=\"elementor-element elementor-element-086871a e-con-full e-flex e-con e-child\" data-id=\"086871a\" data-element_type=\"container\" data-e-type=\"container\">\n\t\t\t\t<div class=\"elementor-element elementor-element-c6a2d17 elementor-widget elementor-widget-text-editor\" data-id=\"c6a2d17\" data-element_type=\"widget\" data-e-type=\"widget\" data-widget_type=\"text-editor.default\">\n\t\t\t\t<div class=\"elementor-widget-container\">\n\t\t\t\t\t\t\t\t\t<h2><span style=\"text-align: var(--text-align);\">Education<\/span><br><\/h2>\n<p>Each contribution creates a lasting impact for education. Together, let&#8217;s shape a bright future for generations to come.<\/p>\t\t\t\t\t\t\t\t<\/div>\n\t\t\t\t<\/div>\n\t\t\t\t<div class=\"elementor-element elementor-element-bc8eccc elementor-widget elementor-widget-image\" data-id=\"bc8eccc\" data-element_type=\"widget\" data-e-type=\"widget\" data-widget_type=\"image.default\">\n\t\t\t\t<div class=\"elementor-widget-container\">\n\t\t\t\t\t\t\t\t\t\t\t\t\t\t\t<img fetchpriority=\"high\" decoding=\"async\" width=\"1024\" height=\"683\" src=\"https:\/\/i0.wp.com\/fondationlongevite.com\/wp-content\/uploads\/2024\/01\/pang-yuhao-_kd5cxwZOK4-unsplash-scaled.jpg?fit=1024%2C683&amp;ssl=1\" class=\"attachment-large size-large wp-image-1511\" alt=\"\" srcset=\"https:\/\/i0.wp.com\/fondationlongevite.com\/wp-content\/uploads\/2024\/01\/pang-yuhao-_kd5cxwZOK4-unsplash-scaled.jpg?w=2560&amp;ssl=1 2560w, https:\/\/i0.wp.com\/fondationlongevite.com\/wp-content\/uploads\/2024\/01\/pang-yuhao-_kd5cxwZOK4-unsplash-scaled.jpg?resize=300%2C200&amp;ssl=1 300w, https:\/\/i0.wp.com\/fondationlongevite.com\/wp-content\/uploads\/2024\/01\/pang-yuhao-_kd5cxwZOK4-unsplash-scaled.jpg?resize=1024%2C683&amp;ssl=1 1024w, https:\/\/i0.wp.com\/fondationlongevite.com\/wp-content\/uploads\/2024\/01\/pang-yuhao-_kd5cxwZOK4-unsplash-scaled.jpg?resize=768%2C512&amp;ssl=1 768w, https:\/\/i0.wp.com\/fondationlongevite.com\/wp-content\/uploads\/2024\/01\/pang-yuhao-_kd5cxwZOK4-unsplash-scaled.jpg?resize=1536%2C1024&amp;ssl=1 1536w, https:\/\/i0.wp.com\/fondationlongevite.com\/wp-content\/uploads\/2024\/01\/pang-yuhao-_kd5cxwZOK4-unsplash-scaled.jpg?resize=2048%2C1365&amp;ssl=1 2048w, https:\/\/i0.wp.com\/fondationlongevite.com\/wp-content\/uploads\/2024\/01\/pang-yuhao-_kd5cxwZOK4-unsplash-scaled.jpg?resize=1000%2C667&amp;ssl=1 1000w, https:\/\/i0.wp.com\/fondationlongevite.com\/wp-content\/uploads\/2024\/01\/pang-yuhao-_kd5cxwZOK4-unsplash-scaled.jpg?resize=230%2C153&amp;ssl=1 230w, https:\/\/i0.wp.com\/fondationlongevite.com\/wp-content\/uploads\/2024\/01\/pang-yuhao-_kd5cxwZOK4-unsplash-scaled.jpg?resize=350%2C233&amp;ssl=1 350w, https:\/\/i0.wp.com\/fondationlongevite.com\/wp-content\/uploads\/2024\/01\/pang-yuhao-_kd5cxwZOK4-unsplash-scaled.jpg?resize=480%2C320&amp;ssl=1 480w, https:\/\/i0.wp.com\/fondationlongevite.com\/wp-content\/uploads\/2024\/01\/pang-yuhao-_kd5cxwZOK4-unsplash-scaled.jpg?resize=800%2C533&amp;ssl=1 800w, https:\/\/i0.wp.com\/fondationlongevite.com\/wp-content\/uploads\/2024\/01\/pang-yuhao-_kd5cxwZOK4-unsplash-scaled.jpg?w=2340&amp;ssl=1 2340w\" sizes=\"(max-width: 1024px) 100vw, 1024px\" \/>\t\t\t\t\t\t\t\t\t\t\t\t\t\t\t<\/div>\n\t\t\t\t<\/div>\n\t\t\t\t<\/div>\n\t\t<div class=\"elementor-element elementor-element-44aa952 e-con-full e-flex e-con e-child\" data-id=\"44aa952\" data-element_type=\"container\" data-e-type=\"container\">\n\t\t\t\t<div class=\"elementor-element elementor-element-51f8a40 elementor-widget elementor-widget-image\" data-id=\"51f8a40\" data-element_type=\"widget\" data-e-type=\"widget\" data-widget_type=\"image.default\">\n\t\t\t\t<div class=\"elementor-widget-container\">\n\t\t\t\t\t\t\t\t\t\t\t\t\t\t\t<img decoding=\"async\" width=\"1024\" height=\"576\" src=\"https:\/\/i0.wp.com\/fondationlongevite.com\/wp-content\/uploads\/2024\/01\/ADN-scaled.jpg?fit=1024%2C576&amp;ssl=1\" class=\"attachment-large size-large wp-image-1505\" alt=\"\" srcset=\"https:\/\/i0.wp.com\/fondationlongevite.com\/wp-content\/uploads\/2024\/01\/ADN-scaled.jpg?w=2560&amp;ssl=1 2560w, https:\/\/i0.wp.com\/fondationlongevite.com\/wp-content\/uploads\/2024\/01\/ADN-scaled.jpg?resize=300%2C169&amp;ssl=1 300w, https:\/\/i0.wp.com\/fondationlongevite.com\/wp-content\/uploads\/2024\/01\/ADN-scaled.jpg?resize=1024%2C576&amp;ssl=1 1024w, https:\/\/i0.wp.com\/fondationlongevite.com\/wp-content\/uploads\/2024\/01\/ADN-scaled.jpg?resize=768%2C432&amp;ssl=1 768w, https:\/\/i0.wp.com\/fondationlongevite.com\/wp-content\/uploads\/2024\/01\/ADN-scaled.jpg?resize=1536%2C864&amp;ssl=1 1536w, https:\/\/i0.wp.com\/fondationlongevite.com\/wp-content\/uploads\/2024\/01\/ADN-scaled.jpg?resize=2048%2C1152&amp;ssl=1 2048w, https:\/\/i0.wp.com\/fondationlongevite.com\/wp-content\/uploads\/2024\/01\/ADN-scaled.jpg?resize=1000%2C563&amp;ssl=1 1000w, https:\/\/i0.wp.com\/fondationlongevite.com\/wp-content\/uploads\/2024\/01\/ADN-scaled.jpg?resize=230%2C129&amp;ssl=1 230w, https:\/\/i0.wp.com\/fondationlongevite.com\/wp-content\/uploads\/2024\/01\/ADN-scaled.jpg?resize=350%2C197&amp;ssl=1 350w, https:\/\/i0.wp.com\/fondationlongevite.com\/wp-content\/uploads\/2024\/01\/ADN-scaled.jpg?resize=480%2C270&amp;ssl=1 480w, https:\/\/i0.wp.com\/fondationlongevite.com\/wp-content\/uploads\/2024\/01\/ADN-scaled.jpg?resize=800%2C450&amp;ssl=1 800w, https:\/\/i0.wp.com\/fondationlongevite.com\/wp-content\/uploads\/2024\/01\/ADN-scaled.jpg?w=2340&amp;ssl=1 2340w\" sizes=\"(max-width: 1024px) 100vw, 1024px\" \/>\t\t\t\t\t\t\t\t\t\t\t\t\t\t\t<\/div>\n\t\t\t\t<\/div>\n\t\t\t\t<div class=\"elementor-element elementor-element-c3b0747 elementor-widget elementor-widget-text-editor\" data-id=\"c3b0747\" data-element_type=\"widget\" data-e-type=\"widget\" data-widget_type=\"text-editor.default\">\n\t\t\t\t<div class=\"elementor-widget-container\">\n\t\t\t\t\t\t\t\t\t<h2>Search<\/h2>\n<p>Support innovative research, become an agent of change. Your donation is a step towards revolutionary discoveries.<\/p>\n\t\t\t\t\t\t\t\t<\/div>\n\t\t\t\t<\/div>\n\t\t\t\t<\/div>\n\t\t<div class=\"elementor-element elementor-element-ae0813c e-con-full e-flex e-con e-child\" data-id=\"ae0813c\" data-element_type=\"container\" data-e-type=\"container\">\n\t\t\t\t<div class=\"elementor-element elementor-element-03d2fea elementor-widget elementor-widget-image\" data-id=\"03d2fea\" data-element_type=\"widget\" data-e-type=\"widget\" data-widget_type=\"image.default\">\n\t\t\t\t<div class=\"elementor-widget-container\">\n\t\t\t\t\t\t\t\t\t\t\t\t\t\t\t<img decoding=\"async\" width=\"1024\" height=\"683\" src=\"https:\/\/i0.wp.com\/fondationlongevite.com\/wp-content\/uploads\/2024\/01\/Mental-health-scaled.jpg?fit=1024%2C683&amp;ssl=1\" class=\"attachment-large size-large wp-image-1507\" alt=\"\" srcset=\"https:\/\/i0.wp.com\/fondationlongevite.com\/wp-content\/uploads\/2024\/01\/Mental-health-scaled.jpg?w=2560&amp;ssl=1 2560w, https:\/\/i0.wp.com\/fondationlongevite.com\/wp-content\/uploads\/2024\/01\/Mental-health-scaled.jpg?resize=300%2C200&amp;ssl=1 300w, https:\/\/i0.wp.com\/fondationlongevite.com\/wp-content\/uploads\/2024\/01\/Mental-health-scaled.jpg?resize=1024%2C683&amp;ssl=1 1024w, https:\/\/i0.wp.com\/fondationlongevite.com\/wp-content\/uploads\/2024\/01\/Mental-health-scaled.jpg?resize=768%2C512&amp;ssl=1 768w, https:\/\/i0.wp.com\/fondationlongevite.com\/wp-content\/uploads\/2024\/01\/Mental-health-scaled.jpg?resize=1536%2C1024&amp;ssl=1 1536w, https:\/\/i0.wp.com\/fondationlongevite.com\/wp-content\/uploads\/2024\/01\/Mental-health-scaled.jpg?resize=2048%2C1365&amp;ssl=1 2048w, https:\/\/i0.wp.com\/fondationlongevite.com\/wp-content\/uploads\/2024\/01\/Mental-health-scaled.jpg?resize=1000%2C667&amp;ssl=1 1000w, https:\/\/i0.wp.com\/fondationlongevite.com\/wp-content\/uploads\/2024\/01\/Mental-health-scaled.jpg?resize=230%2C153&amp;ssl=1 230w, https:\/\/i0.wp.com\/fondationlongevite.com\/wp-content\/uploads\/2024\/01\/Mental-health-scaled.jpg?resize=350%2C233&amp;ssl=1 350w, https:\/\/i0.wp.com\/fondationlongevite.com\/wp-content\/uploads\/2024\/01\/Mental-health-scaled.jpg?resize=480%2C320&amp;ssl=1 480w, https:\/\/i0.wp.com\/fondationlongevite.com\/wp-content\/uploads\/2024\/01\/Mental-health-scaled.jpg?w=2340&amp;ssl=1 2340w\" sizes=\"(max-width: 1024px) 100vw, 1024px\" \/>\t\t\t\t\t\t\t\t\t\t\t\t\t\t\t<\/div>\n\t\t\t\t<\/div>\n\t\t\t\t<div class=\"elementor-element elementor-element-13d32fe elementor-widget elementor-widget-text-editor\" data-id=\"13d32fe\" data-element_type=\"widget\" data-e-type=\"widget\" data-widget_type=\"text-editor.default\">\n\t\t\t\t<div class=\"elementor-widget-container\">\n\t\t\t\t\t\t\t\t\t<h2>Mental health<\/h2>\n<p>Contribute to mental health, offer comfort and support. Together, we can change lives and build a brighter future.<\/p>\t\t\t\t\t\t\t\t<\/div>\n\t\t\t\t<\/div>\n\t\t\t\t<\/div>\n\t\t<div class=\"elementor-element elementor-element-8d2030c e-con-full e-flex e-con e-child\" data-id=\"8d2030c\" data-element_type=\"container\" data-e-type=\"container\">\n\t\t\t\t<div class=\"elementor-element elementor-element-8e4ae21 elementor-widget elementor-widget-image\" data-id=\"8e4ae21\" data-element_type=\"widget\" data-e-type=\"widget\" data-widget_type=\"image.default\">\n\t\t\t\t<div class=\"elementor-widget-container\">\n\t\t\t\t\t\t\t\t\t\t\t\t\t\t\t<img loading=\"lazy\" decoding=\"async\" width=\"300\" height=\"200\" src=\"https:\/\/i0.wp.com\/fondationlongevite.com\/wp-content\/uploads\/2024\/01\/Sante-mentale-scaled-e1704167450749.jpg?fit=300%2C200&amp;ssl=1\" class=\"attachment-medium size-medium wp-image-1506\" alt=\"\" srcset=\"https:\/\/i0.wp.com\/fondationlongevite.com\/wp-content\/uploads\/2024\/01\/Sante-mentale-scaled-e1704167450749.jpg?w=2560&amp;ssl=1 2560w, https:\/\/i0.wp.com\/fondationlongevite.com\/wp-content\/uploads\/2024\/01\/Sante-mentale-scaled-e1704167450749.jpg?resize=300%2C200&amp;ssl=1 300w, https:\/\/i0.wp.com\/fondationlongevite.com\/wp-content\/uploads\/2024\/01\/Sante-mentale-scaled-e1704167450749.jpg?resize=1024%2C683&amp;ssl=1 1024w, https:\/\/i0.wp.com\/fondationlongevite.com\/wp-content\/uploads\/2024\/01\/Sante-mentale-scaled-e1704167450749.jpg?resize=768%2C512&amp;ssl=1 768w, https:\/\/i0.wp.com\/fondationlongevite.com\/wp-content\/uploads\/2024\/01\/Sante-mentale-scaled-e1704167450749.jpg?resize=1536%2C1024&amp;ssl=1 1536w, https:\/\/i0.wp.com\/fondationlongevite.com\/wp-content\/uploads\/2024\/01\/Sante-mentale-scaled-e1704167450749.jpg?resize=2048%2C1366&amp;ssl=1 2048w, https:\/\/i0.wp.com\/fondationlongevite.com\/wp-content\/uploads\/2024\/01\/Sante-mentale-scaled-e1704167450749.jpg?resize=1000%2C667&amp;ssl=1 1000w, https:\/\/i0.wp.com\/fondationlongevite.com\/wp-content\/uploads\/2024\/01\/Sante-mentale-scaled-e1704167450749.jpg?resize=230%2C153&amp;ssl=1 230w, https:\/\/i0.wp.com\/fondationlongevite.com\/wp-content\/uploads\/2024\/01\/Sante-mentale-scaled-e1704167450749.jpg?resize=350%2C233&amp;ssl=1 350w, https:\/\/i0.wp.com\/fondationlongevite.com\/wp-content\/uploads\/2024\/01\/Sante-mentale-scaled-e1704167450749.jpg?resize=480%2C320&amp;ssl=1 480w, https:\/\/i0.wp.com\/fondationlongevite.com\/wp-content\/uploads\/2024\/01\/Sante-mentale-scaled-e1704167450749.jpg?resize=800%2C533&amp;ssl=1 800w, https:\/\/i0.wp.com\/fondationlongevite.com\/wp-content\/uploads\/2024\/01\/Sante-mentale-scaled-e1704167450749.jpg?w=2340&amp;ssl=1 2340w\" sizes=\"(max-width: 300px) 100vw, 300px\" \/>\t\t\t\t\t\t\t\t\t\t\t\t\t\t\t<\/div>\n\t\t\t\t<\/div>\n\t\t\t\t<div class=\"elementor-element elementor-element-d273913 elementor-widget elementor-widget-text-editor\" data-id=\"d273913\" data-element_type=\"widget\" data-e-type=\"widget\" data-widget_type=\"text-editor.default\">\n\t\t\t\t<div class=\"elementor-widget-container\">\n\t\t\t\t\t\t\t\t\t<h2>Social determinants of health<\/h2>\n<p>Let&#8217;s express our commitment to equality and access to healthcare. By joining forces, we support community integration and work to improve social conditions.<\/p>\n\t\t\t\t\t\t\t\t<\/div>\n\t\t\t\t<\/div>\n\t\t\t\t<\/div>\n\t\t\t\t\t<\/div>\n\t\t\t\t<\/div>\n\t\t\t\t<\/div>\n\t\t","protected":false},"excerpt":{"rendered":"<p>Longevity, Health and Wellness Make a donation or contribution Our mission Welcome to the Longevity Foundation website. Our core mission is to promote longevity as [&hellip;]<\/p>\n","protected":false},"author":1,"featured_media":0,"parent":0,"menu_order":0,"comment_status":"closed","ping_status":"closed","template":"page-templates\/page_front-page.php","meta":{"nf_dc_page":"","footnotes":""},"class_list":["post-1557","page","type-page","status-publish","hentry"],"yoast_head":"<!-- This site is optimized with the Yoast SEO plugin v27.4 - https:\/\/yoast.com\/product\/yoast-seo-wordpress\/ -->\n<title>Home - Fondation Longevite<\/title>\n<meta name=\"robots\" content=\"index, follow, max-snippet:-1, max-image-preview:large, max-video-preview:-1\" \/>\n<link rel=\"canonical\" href=\"https:\/\/fondationlongevite.com\/en\/\" \/>\n<meta property=\"og:locale\" content=\"en_US\" \/>\n<meta property=\"og:type\" content=\"article\" \/>\n<meta property=\"og:title\" content=\"Home - Fondation Longevite\" \/>\n<meta property=\"og:description\" content=\"Longevity, Health and Wellness Make a donation or contribution Our mission Welcome to the Longevity Foundation website. Our core mission is to promote longevity as [&hellip;]\" \/>\n<meta property=\"og:url\" content=\"https:\/\/fondationlongevite.com\/en\/\" \/>\n<meta property=\"og:site_name\" content=\"Fondation Longevite\" \/>\n<meta property=\"article:modified_time\" content=\"2024-01-22T01:04:17+00:00\" \/>\n<meta property=\"og:image\" content=\"https:\/\/i0.wp.com\/fondationlongevite.com\/wp-content\/uploads\/2024\/01\/pang-yuhao-_kd5cxwZOK4-unsplash-scaled.jpg?fit=1024%2C683&amp;ssl=1\" \/>\n<meta name=\"twitter:card\" content=\"summary_large_image\" \/>\n<meta name=\"twitter:label1\" content=\"Est. reading time\" \/>\n\t<meta name=\"twitter:data1\" content=\"1 minute\" \/>\n<script type=\"application\/ld+json\" class=\"yoast-schema-graph\">{\"@context\":\"https:\\\/\\\/schema.org\",\"@graph\":[{\"@type\":\"WebPage\",\"@id\":\"https:\\\/\\\/fondationlongevite.com\\\/en\\\/\",\"url\":\"https:\\\/\\\/fondationlongevite.com\\\/en\\\/\",\"name\":\"Home - Fondation Longevite\",\"isPartOf\":{\"@id\":\"http:\\\/\\\/fondationlongevite.com\\\/#website\"},\"primaryImageOfPage\":{\"@id\":\"https:\\\/\\\/fondationlongevite.com\\\/en\\\/#primaryimage\"},\"image\":{\"@id\":\"https:\\\/\\\/fondationlongevite.com\\\/en\\\/#primaryimage\"},\"thumbnailUrl\":\"https:\\\/\\\/i0.wp.com\\\/fondationlongevite.com\\\/wp-content\\\/uploads\\\/2024\\\/01\\\/pang-yuhao-_kd5cxwZOK4-unsplash-scaled.jpg?fit=1024%2C683&amp;ssl=1\",\"datePublished\":\"2020-10-03T14:48:58+00:00\",\"dateModified\":\"2024-01-22T01:04:17+00:00\",\"breadcrumb\":{\"@id\":\"https:\\\/\\\/fondationlongevite.com\\\/en\\\/#breadcrumb\"},\"inLanguage\":\"en-US\",\"potentialAction\":[{\"@type\":\"ReadAction\",\"target\":[\"https:\\\/\\\/fondationlongevite.com\\\/en\\\/\"]}]},{\"@type\":\"ImageObject\",\"inLanguage\":\"en-US\",\"@id\":\"https:\\\/\\\/fondationlongevite.com\\\/en\\\/#primaryimage\",\"url\":\"https:\\\/\\\/i0.wp.com\\\/fondationlongevite.com\\\/wp-content\\\/uploads\\\/2024\\\/01\\\/pang-yuhao-_kd5cxwZOK4-unsplash-scaled.jpg?fit=1024%2C683&amp;ssl=1\",\"contentUrl\":\"https:\\\/\\\/i0.wp.com\\\/fondationlongevite.com\\\/wp-content\\\/uploads\\\/2024\\\/01\\\/pang-yuhao-_kd5cxwZOK4-unsplash-scaled.jpg?fit=1024%2C683&amp;ssl=1\"},{\"@type\":\"BreadcrumbList\",\"@id\":\"https:\\\/\\\/fondationlongevite.com\\\/en\\\/#breadcrumb\",\"itemListElement\":[{\"@type\":\"ListItem\",\"position\":1,\"name\":\"Home\",\"item\":\"https:\\\/\\\/fondationlongevite.com\\\/en\\\/\"},{\"@type\":\"ListItem\",\"position\":2,\"name\":\"Home\"}]},{\"@type\":\"WebSite\",\"@id\":\"http:\\\/\\\/fondationlongevite.com\\\/#website\",\"url\":\"http:\\\/\\\/fondationlongevite.com\\\/\",\"name\":\"Fondation Longevite\",\"description\":\"Sant\u00e9 pour tous, long\u00e9vit\u00e9 pour chacun.\",\"potentialAction\":[{\"@type\":\"SearchAction\",\"target\":{\"@type\":\"EntryPoint\",\"urlTemplate\":\"http:\\\/\\\/fondationlongevite.com\\\/?s={search_term_string}\"},\"query-input\":{\"@type\":\"PropertyValueSpecification\",\"valueRequired\":true,\"valueName\":\"search_term_string\"}}],\"inLanguage\":\"en-US\"}]}<\/script>\n<!-- \/ Yoast SEO plugin. -->","yoast_head_json":{"title":"Home - Fondation Longevite","robots":{"index":"index","follow":"follow","max-snippet":"max-snippet:-1","max-image-preview":"max-image-preview:large","max-video-preview":"max-video-preview:-1"},"canonical":"https:\/\/fondationlongevite.com\/en\/","og_locale":"en_US","og_type":"article","og_title":"Home - Fondation Longevite","og_description":"Longevity, Health and Wellness Make a donation or contribution Our mission Welcome to the Longevity Foundation website. Our core mission is to promote longevity as [&hellip;]","og_url":"https:\/\/fondationlongevite.com\/en\/","og_site_name":"Fondation Longevite","article_modified_time":"2024-01-22T01:04:17+00:00","og_image":[{"url":"https:\/\/i0.wp.com\/fondationlongevite.com\/wp-content\/uploads\/2024\/01\/pang-yuhao-_kd5cxwZOK4-unsplash-scaled.jpg?fit=1024%2C683&amp;ssl=1","type":"","width":"","height":""}],"twitter_card":"summary_large_image","twitter_misc":{"Est. reading time":"1 minute"},"schema":{"@context":"https:\/\/schema.org","@graph":[{"@type":"WebPage","@id":"https:\/\/fondationlongevite.com\/en\/","url":"https:\/\/fondationlongevite.com\/en\/","name":"Home - Fondation Longevite","isPartOf":{"@id":"http:\/\/fondationlongevite.com\/#website"},"primaryImageOfPage":{"@id":"https:\/\/fondationlongevite.com\/en\/#primaryimage"},"image":{"@id":"https:\/\/fondationlongevite.com\/en\/#primaryimage"},"thumbnailUrl":"https:\/\/i0.wp.com\/fondationlongevite.com\/wp-content\/uploads\/2024\/01\/pang-yuhao-_kd5cxwZOK4-unsplash-scaled.jpg?fit=1024%2C683&amp;ssl=1","datePublished":"2020-10-03T14:48:58+00:00","dateModified":"2024-01-22T01:04:17+00:00","breadcrumb":{"@id":"https:\/\/fondationlongevite.com\/en\/#breadcrumb"},"inLanguage":"en-US","potentialAction":[{"@type":"ReadAction","target":["https:\/\/fondationlongevite.com\/en\/"]}]},{"@type":"ImageObject","inLanguage":"en-US","@id":"https:\/\/fondationlongevite.com\/en\/#primaryimage","url":"https:\/\/i0.wp.com\/fondationlongevite.com\/wp-content\/uploads\/2024\/01\/pang-yuhao-_kd5cxwZOK4-unsplash-scaled.jpg?fit=1024%2C683&amp;ssl=1","contentUrl":"https:\/\/i0.wp.com\/fondationlongevite.com\/wp-content\/uploads\/2024\/01\/pang-yuhao-_kd5cxwZOK4-unsplash-scaled.jpg?fit=1024%2C683&amp;ssl=1"},{"@type":"BreadcrumbList","@id":"https:\/\/fondationlongevite.com\/en\/#breadcrumb","itemListElement":[{"@type":"ListItem","position":1,"name":"Home","item":"https:\/\/fondationlongevite.com\/en\/"},{"@type":"ListItem","position":2,"name":"Home"}]},{"@type":"WebSite","@id":"http:\/\/fondationlongevite.com\/#website","url":"http:\/\/fondationlongevite.com\/","name":"Fondation Longevite","description":"Sant\u00e9 pour tous, long\u00e9vit\u00e9 pour chacun.","potentialAction":[{"@type":"SearchAction","target":{"@type":"EntryPoint","urlTemplate":"http:\/\/fondationlongevite.com\/?s={search_term_string}"},"query-input":{"@type":"PropertyValueSpecification","valueRequired":true,"valueName":"search_term_string"}}],"inLanguage":"en-US"}]}},"jetpack_sharing_enabled":true,"_links":{"self":[{"href":"https:\/\/fondationlongevite.com\/en\/wp-json\/wp\/v2\/pages\/1557","targetHints":{"allow":["GET"]}}],"collection":[{"href":"https:\/\/fondationlongevite.com\/en\/wp-json\/wp\/v2\/pages"}],"about":[{"href":"https:\/\/fondationlongevite.com\/en\/wp-json\/wp\/v2\/types\/page"}],"author":[{"embeddable":true,"href":"https:\/\/fondationlongevite.com\/en\/wp-json\/wp\/v2\/users\/1"}],"replies":[{"embeddable":true,"href":"https:\/\/fondationlongevite.com\/en\/wp-json\/wp\/v2\/comments?post=1557"}],"version-history":[{"count":4,"href":"https:\/\/fondationlongevite.com\/en\/wp-json\/wp\/v2\/pages\/1557\/revisions"}],"predecessor-version":[{"id":1627,"href":"https:\/\/fondationlongevite.com\/en\/wp-json\/wp\/v2\/pages\/1557\/revisions\/1627"}],"wp:attachment":[{"href":"https:\/\/fondationlongevite.com\/en\/wp-json\/wp\/v2\/media?parent=1557"}],"curies":[{"name":"wp","href":"https:\/\/api.w.org\/{rel}","templated":true}]}}