{"id":1563,"date":"2024-01-09T22:11:32","date_gmt":"2024-01-09T22:11:32","guid":{"rendered":"https:\/\/fondationlongevite.com\/donate\/"},"modified":"2024-01-09T22:46:56","modified_gmt":"2024-01-09T22:46:56","slug":"donate","status":"publish","type":"page","link":"https:\/\/fondationlongevite.com\/en\/donate\/","title":{"rendered":"Donate"},"content":{"rendered":"<div class=\"widget_wc-donation-widget\" id=\"wc_donation_on_shortcode_1547\"><style>\r\n\t:root {\r\n\t\t--wc-bg-color: #333333;\r\n\t\t--wc-txt-color: #FFFFFF;\r\n\t}\r\n\r\n\t\t\t\t#wc_donation_on_shortcode_1547 .price-wrapper::after {\r\n\t\t\t\tbackground: #333333;\r\n\t\t\t\tcolor: #FFFFFF;\r\n\t\t\t}\r\n\t\t\t\t\t#wc_donation_on_shortcode_1547 .wc-input-text {\r\n\t\t\tborder-color: #333333!important;\r\n\t\t}\r\n\r\n\t\t#wc_donation_on_shortcode_1547 .checkmark {\r\n\t\t\tborder-color: #333333!important;\r\n\t\t}\r\n\t\t#wc_donation_on_shortcode_1547 .wc-label-radio input:checked ~ .checkmark {\r\n\t\t\tbackground-color: #333333;\r\n\t\t}\r\n\t\t#wc_donation_on_shortcode_1547 .wc-label-radio .checkmark:after {\r\n\t\t\tborder-color: #FFFFFF!important;\r\n\t\t}\r\n\t\t#wc_donation_on_shortcode_1547 .wc-label-button {\r\n\t\t\tborder-color: #333333!important;\r\n\t\t\tcolor: #333333!important;\r\n\t\t}\r\n\t\t#wc_donation_on_shortcode_1547 label.wc-label-button.wc-active {\r\n\t\t\tbackground-color: #333333!important;\r\n\t\t\tcolor: #FFFFFF!important;\r\n\t\t}\r\n\t\t#wc_donation_on_shortcode_1547 .wc_progressBarContainer > ul > li.wc_progress div.progressbar {\r\n\t\t\tbackground: #333333;\r\n\t\t}\r\n\t\t<\/style>\r\n<div class=\"wc-donation-in-action\" data-donation-type=\"both\">\r\n\t<div class=\"in-action-elements\">\r\n\t\t<style>\r\n\t.dashicons-money-alt:before {\r\n\t\tfont-size: 36px !important;\r\n\t\tpadding-bottom: 20px !important;\r\n\t}\r\n<\/style>\r\n<div class=\"row1\">\r\n\t<h3 class=\"wc-donation-title \">\r\n\t\t\t\tDonate Amount\t<\/h3>\r\n\t\t\t\t<div class=\"price-wrapper after\" currency=\"&#036;\">\t\t\t\t\t\t\t\r\n\t\t\t\t<select name=\"wc_select_price\" data-id=\"1547_562\" class='wc-label-select select wc-input-text after' id='wc-donation-f-donation-value-562'>\r\n\t\t\t\t<option value=\"\">--Please select--<\/option>\r\n\t\t\t\t\t\t\t\t\t\t<option value='10'>10 Dollars<\/option>\r\n\t\t\t\t\t\t\t\t\t\t\t\t<option value='25'>25 Dollars<\/option>\r\n\t\t\t\t\t\t\t\t\t\t\t\t<option value='50'>50 Dollars<\/option>\r\n\t\t\t\t\t\t\t\t\t\t\t\t<option value='100'>100 Dollars<\/option>\r\n\t\t\t\t\t\t\t\t\t\t\t<option value=\"wc-donation-other-amount\">Other<\/option>\r\n\t\t\t\t\t\t\t\t\t<\/select>\r\n\t\t\t\t<\/div>\r\n\t\t\t\t\t\t<input type=\"text\" data-min=\"1\" data-max=\"10000\" data-campaign_id=\"1547\" data-rand_id=\"562\" style=\"display:none\" Placeholder=\"Enter amount between 1 - 10000\" class=\"grab-donation wc-input-text wc-donation-f-donation-other-value\" id=\"wc-donation-f-donation-other-value-1547_562\">\r\n\t\t\t<div class=\"wc-donation-tooltip\" style=\"display: none;\">\r\n\t\t\t\t<span class=\"wc-donation-tooltip-icon\">i<\/span>\r\n\t\t\t\t<span class=\"wc-donation-tooltip-text\">Enter amount between 1 - 10000<\/span>\r\n\t\t\t<\/div>\r\n\t\t\t<input type=\"hidden\" id=\"wc-donation-price-1547_562\" class=\"donate_1547_562\" name=\"wc-donation-price\" value=\"\"><input type=\"hidden\" id=\"wc-donation-cause-1547_562\" class=\"donate_cause_1547_562\" name=\"wc-donation-cause\" value=\"\"><\/div>\r\n<div class=\"row2\">\r\n\t<input type=\"hidden\" name=\"wc_donation_camp\" id=\"wc_donation_camp_1547_562\" class=\"wc_donation_camp\" value=\"1547\">\r\n\t<input type=\"hidden\" name=\"wc_rand_id\" class=\"wp_rand\" value=\"562\">\r\n\t<button class=\"button wc-donation-f-submit-donation\" data-min-value=\"1\" data-max-value=\"10000\" data-type=\"shortcode\" style=\"background-color:#333333;border-color:#333333;color:#FFFFFF;\" id='wc-donation-f-submit-donation' value='Donate'>Donate<\/button>\r\n<\/div>\r\n\t<\/div>\r\n<\/div>\r\n<div style=\"clear:both;height:1px;\">&nbsp;<\/div>\r\n<\/div>\n","protected":false},"excerpt":{"rendered":"","protected":false},"author":1,"featured_media":0,"parent":0,"menu_order":0,"comment_status":"closed","ping_status":"closed","template":"","meta":{"nf_dc_page":"","footnotes":""},"class_list":["post-1563","page","type-page","status-publish","hentry"],"yoast_head":"<!-- This site is optimized with the Yoast SEO plugin v27.4 - https:\/\/yoast.com\/product\/yoast-seo-wordpress\/ -->\n<title>Donate - Fondation Longevite<\/title>\n<meta name=\"robots\" content=\"index, follow, max-snippet:-1, max-image-preview:large, max-video-preview:-1\" \/>\n<link rel=\"canonical\" href=\"https:\/\/fondationlongevite.com\/donate\/?lang=en\" \/>\n<meta property=\"og:locale\" content=\"en_US\" \/>\n<meta property=\"og:type\" content=\"article\" \/>\n<meta property=\"og:title\" content=\"Donate - Fondation Longevite\" \/>\n<meta property=\"og:url\" content=\"https:\/\/fondationlongevite.com\/donate\/?lang=en\" \/>\n<meta property=\"og:site_name\" content=\"Fondation Longevite\" \/>\n<meta property=\"article:modified_time\" content=\"2024-01-09T22:46:56+00:00\" \/>\n<meta name=\"twitter:card\" content=\"summary_large_image\" \/>\n<script type=\"application\/ld+json\" class=\"yoast-schema-graph\">{\"@context\":\"https:\\\/\\\/schema.org\",\"@graph\":[{\"@type\":\"WebPage\",\"@id\":\"https:\\\/\\\/fondationlongevite.com\\\/donate\\\/?lang=en\",\"url\":\"https:\\\/\\\/fondationlongevite.com\\\/donate\\\/?lang=en\",\"name\":\"Donate - Fondation Longevite\",\"isPartOf\":{\"@id\":\"http:\\\/\\\/fondationlongevite.com\\\/#website\"},\"datePublished\":\"2024-01-09T22:11:32+00:00\",\"dateModified\":\"2024-01-09T22:46:56+00:00\",\"breadcrumb\":{\"@id\":\"https:\\\/\\\/fondationlongevite.com\\\/donate\\\/?lang=en#breadcrumb\"},\"inLanguage\":\"en-US\",\"potentialAction\":[{\"@type\":\"ReadAction\",\"target\":[\"https:\\\/\\\/fondationlongevite.com\\\/donate\\\/?lang=en\"]}]},{\"@type\":\"BreadcrumbList\",\"@id\":\"https:\\\/\\\/fondationlongevite.com\\\/donate\\\/?lang=en#breadcrumb\",\"itemListElement\":[{\"@type\":\"ListItem\",\"position\":1,\"name\":\"Home\",\"item\":\"https:\\\/\\\/fondationlongevite.com\\\/en\\\/\"},{\"@type\":\"ListItem\",\"position\":2,\"name\":\"Donate\"}]},{\"@type\":\"WebSite\",\"@id\":\"http:\\\/\\\/fondationlongevite.com\\\/#website\",\"url\":\"http:\\\/\\\/fondationlongevite.com\\\/\",\"name\":\"Fondation Longevite\",\"description\":\"Sant\u00e9 pour tous, long\u00e9vit\u00e9 pour chacun.\",\"potentialAction\":[{\"@type\":\"SearchAction\",\"target\":{\"@type\":\"EntryPoint\",\"urlTemplate\":\"http:\\\/\\\/fondationlongevite.com\\\/?s={search_term_string}\"},\"query-input\":{\"@type\":\"PropertyValueSpecification\",\"valueRequired\":true,\"valueName\":\"search_term_string\"}}],\"inLanguage\":\"en-US\"}]}<\/script>\n<!-- \/ Yoast SEO plugin. -->","yoast_head_json":{"title":"Donate - Fondation Longevite","robots":{"index":"index","follow":"follow","max-snippet":"max-snippet:-1","max-image-preview":"max-image-preview:large","max-video-preview":"max-video-preview:-1"},"canonical":"https:\/\/fondationlongevite.com\/donate\/?lang=en","og_locale":"en_US","og_type":"article","og_title":"Donate - Fondation Longevite","og_url":"https:\/\/fondationlongevite.com\/donate\/?lang=en","og_site_name":"Fondation Longevite","article_modified_time":"2024-01-09T22:46:56+00:00","twitter_card":"summary_large_image","schema":{"@context":"https:\/\/schema.org","@graph":[{"@type":"WebPage","@id":"https:\/\/fondationlongevite.com\/donate\/?lang=en","url":"https:\/\/fondationlongevite.com\/donate\/?lang=en","name":"Donate - Fondation Longevite","isPartOf":{"@id":"http:\/\/fondationlongevite.com\/#website"},"datePublished":"2024-01-09T22:11:32+00:00","dateModified":"2024-01-09T22:46:56+00:00","breadcrumb":{"@id":"https:\/\/fondationlongevite.com\/donate\/?lang=en#breadcrumb"},"inLanguage":"en-US","potentialAction":[{"@type":"ReadAction","target":["https:\/\/fondationlongevite.com\/donate\/?lang=en"]}]},{"@type":"BreadcrumbList","@id":"https:\/\/fondationlongevite.com\/donate\/?lang=en#breadcrumb","itemListElement":[{"@type":"ListItem","position":1,"name":"Home","item":"https:\/\/fondationlongevite.com\/en\/"},{"@type":"ListItem","position":2,"name":"Donate"}]},{"@type":"WebSite","@id":"http:\/\/fondationlongevite.com\/#website","url":"http:\/\/fondationlongevite.com\/","name":"Fondation Longevite","description":"Sant\u00e9 pour tous, long\u00e9vit\u00e9 pour chacun.","potentialAction":[{"@type":"SearchAction","target":{"@type":"EntryPoint","urlTemplate":"http:\/\/fondationlongevite.com\/?s={search_term_string}"},"query-input":{"@type":"PropertyValueSpecification","valueRequired":true,"valueName":"search_term_string"}}],"inLanguage":"en-US"}]}},"jetpack_sharing_enabled":true,"_links":{"self":[{"href":"https:\/\/fondationlongevite.com\/en\/wp-json\/wp\/v2\/pages\/1563","targetHints":{"allow":["GET"]}}],"collection":[{"href":"https:\/\/fondationlongevite.com\/en\/wp-json\/wp\/v2\/pages"}],"about":[{"href":"https:\/\/fondationlongevite.com\/en\/wp-json\/wp\/v2\/types\/page"}],"author":[{"embeddable":true,"href":"https:\/\/fondationlongevite.com\/en\/wp-json\/wp\/v2\/users\/1"}],"replies":[{"embeddable":true,"href":"https:\/\/fondationlongevite.com\/en\/wp-json\/wp\/v2\/comments?post=1563"}],"version-history":[{"count":1,"href":"https:\/\/fondationlongevite.com\/en\/wp-json\/wp\/v2\/pages\/1563\/revisions"}],"predecessor-version":[{"id":1568,"href":"https:\/\/fondationlongevite.com\/en\/wp-json\/wp\/v2\/pages\/1563\/revisions\/1568"}],"wp:attachment":[{"href":"https:\/\/fondationlongevite.com\/en\/wp-json\/wp\/v2\/media?parent=1563"}],"curies":[{"name":"wp","href":"https:\/\/api.w.org\/{rel}","templated":true}]}}