{"id":1575,"date":"2023-11-29T20:01:34","date_gmt":"2023-11-29T20:01:34","guid":{"rendered":"https:\/\/fondationlongevite.com\/privacy-policy\/"},"modified":"2024-01-09T22:47:24","modified_gmt":"2024-01-09T22:47:24","slug":"privacy-policy","status":"publish","type":"page","link":"https:\/\/fondationlongevite.com\/en\/privacy-policy\/","title":{"rendered":"Privacy Policy"},"content":{"rendered":"\n<p class=\"\"><strong>Longevity Foundation Privacy Policy<\/strong><\/p>\n\n<p class=\"\"><em>Effective December 23, 2023<\/em><\/p>\n\n<p class=\"\"><strong>1. Introduction<\/strong> We at Longevity Foundation (&#8220;we&#8221;, &#8220;us&#8221;, or &#8220;the Foundation&#8221;), located at 2440 Valade Street, Montreal, H4M 1N3, recognize the importance of protecting your personal data and are committed to processing it responsibly and in compliance with the General Data Protection Regulation (GDPR).<\/p>\n\n<p class=\"\"><strong>2. Data collected<\/strong> We collect the following data when you browse fondationlongevite.com:<\/p>\n\n<ul class=\"wp-block-list\">\n<li class=\"\">Personally identifiable information (name, email address, etc.) when donating or subscribing to our newsletter.<\/li>\n\n\n\n<li class=\"\">Payment data for the processing of donations.<\/li>\n\n\n\n<li class=\"\">Site Usage Data and cookies to improve your user experience.<\/li>\n<\/ul>\n\n<p class=\"\"><strong>3. Use of<\/strong> data Your data is used to:<\/p>\n\n<ul class=\"wp-block-list\">\n<li class=\"\">Process donations and provide you with receipts.<\/li>\n\n\n\n<li class=\"\">Send updates and information about our projects and impact.<\/li>\n\n\n\n<li class=\"\">To improve the operation and security of our website.<\/li>\n<\/ul>\n\n<p class=\"\"><strong>4. Data Sharing<\/strong> We only share your data with trusted partners and when necessary for the services you have requested or for legal obligations.<\/p>\n\n<p class=\"\"><strong>5. Data security<\/strong> We take all necessary technical and organisational measures to protect your data against unauthorised access, alteration, disclosure or destruction.<\/p>\n\n<p class=\"\"><strong>6. Your rights<\/strong> In accordance with the GDPR, you have the right to access, rectify, delete or restrict the processing of your data. You can exercise these rights by contacting us at <a>fondationlongevite@gmail.com<\/a>.<\/p>\n\n<p class=\"\"><strong>7. Changes to<\/strong> the Privacy Policy We reserve the right to change this Privacy Policy and will post any new version on our website.<\/p>\n\n<p class=\"\"><strong>8. Contact<\/strong> If you have any questions or concerns about this policy or your data, please contact us at the following address: <a>fondationlongevite@gmail.com<\/a> or by mail at 2440 Valade Street, Montreal, H4M 1N3.<\/p>\n","protected":false},"excerpt":{"rendered":"<p>Longevity Foundation Privacy Policy Effective December 23, 2023 1. Introduction We at Longevity Foundation (&#8220;we&#8221;, &#8220;us&#8221;, or &#8220;the Foundation&#8221;), located at 2440 Valade Street, Montreal, [&hellip;]<\/p>\n","protected":false},"author":1,"featured_media":0,"parent":0,"menu_order":0,"comment_status":"closed","ping_status":"closed","template":"","meta":{"nf_dc_page":"","footnotes":""},"class_list":["post-1575","page","type-page","status-publish","hentry"],"yoast_head":"<!-- This site is optimized with the Yoast SEO plugin v27.4 - https:\/\/yoast.com\/product\/yoast-seo-wordpress\/ -->\n<title>Privacy Policy - Fondation Longevite<\/title>\n<meta name=\"robots\" content=\"index, follow, max-snippet:-1, max-image-preview:large, max-video-preview:-1\" \/>\n<link rel=\"canonical\" href=\"https:\/\/fondationlongevite.com\/privacy-policy\/?lang=en\" \/>\n<meta property=\"og:locale\" content=\"en_US\" \/>\n<meta property=\"og:type\" content=\"article\" \/>\n<meta property=\"og:title\" content=\"Privacy Policy - Fondation Longevite\" \/>\n<meta property=\"og:description\" content=\"Longevity Foundation Privacy Policy Effective December 23, 2023 1. Introduction We at Longevity Foundation (&#8220;we&#8221;, &#8220;us&#8221;, or &#8220;the Foundation&#8221;), located at 2440 Valade Street, Montreal, [&hellip;]\" \/>\n<meta property=\"og:url\" content=\"https:\/\/fondationlongevite.com\/privacy-policy\/?lang=en\" \/>\n<meta property=\"og:site_name\" content=\"Fondation Longevite\" \/>\n<meta property=\"article:modified_time\" content=\"2024-01-09T22:47:24+00:00\" \/>\n<meta name=\"twitter:card\" content=\"summary_large_image\" \/>\n<meta name=\"twitter:label1\" content=\"Est. reading time\" \/>\n\t<meta name=\"twitter:data1\" content=\"1 minute\" \/>\n<script type=\"application\/ld+json\" class=\"yoast-schema-graph\">{\"@context\":\"https:\\\/\\\/schema.org\",\"@graph\":[{\"@type\":\"WebPage\",\"@id\":\"https:\\\/\\\/fondationlongevite.com\\\/privacy-policy\\\/?lang=en\",\"url\":\"https:\\\/\\\/fondationlongevite.com\\\/privacy-policy\\\/?lang=en\",\"name\":\"Privacy Policy - Fondation Longevite\",\"isPartOf\":{\"@id\":\"http:\\\/\\\/fondationlongevite.com\\\/#website\"},\"datePublished\":\"2023-11-29T20:01:34+00:00\",\"dateModified\":\"2024-01-09T22:47:24+00:00\",\"breadcrumb\":{\"@id\":\"https:\\\/\\\/fondationlongevite.com\\\/privacy-policy\\\/?lang=en#breadcrumb\"},\"inLanguage\":\"en-US\",\"potentialAction\":[{\"@type\":\"ReadAction\",\"target\":[\"https:\\\/\\\/fondationlongevite.com\\\/privacy-policy\\\/?lang=en\"]}]},{\"@type\":\"BreadcrumbList\",\"@id\":\"https:\\\/\\\/fondationlongevite.com\\\/privacy-policy\\\/?lang=en#breadcrumb\",\"itemListElement\":[{\"@type\":\"ListItem\",\"position\":1,\"name\":\"Home\",\"item\":\"https:\\\/\\\/fondationlongevite.com\\\/en\\\/\"},{\"@type\":\"ListItem\",\"position\":2,\"name\":\"Privacy Policy\"}]},{\"@type\":\"WebSite\",\"@id\":\"http:\\\/\\\/fondationlongevite.com\\\/#website\",\"url\":\"http:\\\/\\\/fondationlongevite.com\\\/\",\"name\":\"Fondation Longevite\",\"description\":\"Sant\u00e9 pour tous, long\u00e9vit\u00e9 pour chacun.\",\"potentialAction\":[{\"@type\":\"SearchAction\",\"target\":{\"@type\":\"EntryPoint\",\"urlTemplate\":\"http:\\\/\\\/fondationlongevite.com\\\/?s={search_term_string}\"},\"query-input\":{\"@type\":\"PropertyValueSpecification\",\"valueRequired\":true,\"valueName\":\"search_term_string\"}}],\"inLanguage\":\"en-US\"}]}<\/script>\n<!-- \/ Yoast SEO plugin. -->","yoast_head_json":{"title":"Privacy Policy - Fondation Longevite","robots":{"index":"index","follow":"follow","max-snippet":"max-snippet:-1","max-image-preview":"max-image-preview:large","max-video-preview":"max-video-preview:-1"},"canonical":"https:\/\/fondationlongevite.com\/privacy-policy\/?lang=en","og_locale":"en_US","og_type":"article","og_title":"Privacy Policy - Fondation Longevite","og_description":"Longevity Foundation Privacy Policy Effective December 23, 2023 1. Introduction We at Longevity Foundation (&#8220;we&#8221;, &#8220;us&#8221;, or &#8220;the Foundation&#8221;), located at 2440 Valade Street, Montreal, [&hellip;]","og_url":"https:\/\/fondationlongevite.com\/privacy-policy\/?lang=en","og_site_name":"Fondation Longevite","article_modified_time":"2024-01-09T22:47:24+00:00","twitter_card":"summary_large_image","twitter_misc":{"Est. reading time":"1 minute"},"schema":{"@context":"https:\/\/schema.org","@graph":[{"@type":"WebPage","@id":"https:\/\/fondationlongevite.com\/privacy-policy\/?lang=en","url":"https:\/\/fondationlongevite.com\/privacy-policy\/?lang=en","name":"Privacy Policy - Fondation Longevite","isPartOf":{"@id":"http:\/\/fondationlongevite.com\/#website"},"datePublished":"2023-11-29T20:01:34+00:00","dateModified":"2024-01-09T22:47:24+00:00","breadcrumb":{"@id":"https:\/\/fondationlongevite.com\/privacy-policy\/?lang=en#breadcrumb"},"inLanguage":"en-US","potentialAction":[{"@type":"ReadAction","target":["https:\/\/fondationlongevite.com\/privacy-policy\/?lang=en"]}]},{"@type":"BreadcrumbList","@id":"https:\/\/fondationlongevite.com\/privacy-policy\/?lang=en#breadcrumb","itemListElement":[{"@type":"ListItem","position":1,"name":"Home","item":"https:\/\/fondationlongevite.com\/en\/"},{"@type":"ListItem","position":2,"name":"Privacy Policy"}]},{"@type":"WebSite","@id":"http:\/\/fondationlongevite.com\/#website","url":"http:\/\/fondationlongevite.com\/","name":"Fondation Longevite","description":"Sant\u00e9 pour tous, long\u00e9vit\u00e9 pour chacun.","potentialAction":[{"@type":"SearchAction","target":{"@type":"EntryPoint","urlTemplate":"http:\/\/fondationlongevite.com\/?s={search_term_string}"},"query-input":{"@type":"PropertyValueSpecification","valueRequired":true,"valueName":"search_term_string"}}],"inLanguage":"en-US"}]}},"jetpack_sharing_enabled":true,"_links":{"self":[{"href":"https:\/\/fondationlongevite.com\/en\/wp-json\/wp\/v2\/pages\/1575","targetHints":{"allow":["GET"]}}],"collection":[{"href":"https:\/\/fondationlongevite.com\/en\/wp-json\/wp\/v2\/pages"}],"about":[{"href":"https:\/\/fondationlongevite.com\/en\/wp-json\/wp\/v2\/types\/page"}],"author":[{"embeddable":true,"href":"https:\/\/fondationlongevite.com\/en\/wp-json\/wp\/v2\/users\/1"}],"replies":[{"embeddable":true,"href":"https:\/\/fondationlongevite.com\/en\/wp-json\/wp\/v2\/comments?post=1575"}],"version-history":[{"count":1,"href":"https:\/\/fondationlongevite.com\/en\/wp-json\/wp\/v2\/pages\/1575\/revisions"}],"predecessor-version":[{"id":1578,"href":"https:\/\/fondationlongevite.com\/en\/wp-json\/wp\/v2\/pages\/1575\/revisions\/1578"}],"wp:attachment":[{"href":"https:\/\/fondationlongevite.com\/en\/wp-json\/wp\/v2\/media?parent=1575"}],"curies":[{"name":"wp","href":"https:\/\/api.w.org\/{rel}","templated":true}]}}